{"id":6232,"date":"2021-07-23T11:18:46","date_gmt":"2021-07-23T11:18:46","guid":{"rendered":"https:\/\/grossoptic.com\/uslovi-koriscenja\/"},"modified":"2021-09-06T11:46:50","modified_gmt":"2021-09-06T11:46:50","slug":"termini-di-utilizzo","status":"publish","type":"page","link":"https:\/\/grossoptic.com\/it\/termini-di-utilizzo\/","title":{"rendered":"Termini di utilizzo"},"content":{"rendered":"<p><strong>Avviso:<\/strong> \u00a0UTILIZZANDO QUESTO SITO INTERNET L&#8217;UTENTE RICONOSCE DI AVER LETTO, COMPRESO E ACCETTATO TUTTI I TERMINI D&#8217;USO (di seguito &#8220;<strong>TERMINI<\/strong>&#8220;) E DI ACCETTARE DI ESSERE OBBLIGATO A RISPETTARLI, NONCH\u00c9 TUTTE LE ALTRE LEGGI E REGOLAMENTI APPLICABILI. SE NON SI ACCETTANO QUESTI TERMINI, ALLORA NON UTILIZZARE QUESTO SITO INTERNET.<\/p>\n<p>LA SOCIET\u00c0 GROSSOPTIC D.O.O. UMKA SI RISERVA IL DIRITTO DI MODIFICARE I TERMINI IN QUALSIASI MOMENTO APPORTANDO LE MODIFICHE A QUESTO TESTO.<\/p>\n<p>SI CONSIGLIA DI VISITARE QUESTO SITO DI VOLTA IN VOLTA E DI VERIFICARE SE LE CONDIZIONI SONO CAMBIATE DALL&#8217;ULTIMA VISITA.<\/p>\n<p>&nbsp;<\/p>\n<p><strong>Dati personali<\/strong><\/p>\n<p>Si prega di notare la nostra <strong><a href=\"https:\/\/grossoptic.com\/it\/politica-sulla-privacy\/\" target=\"_blank\" rel=\"noopener\">Politica sulla privacy<\/a><\/strong> che riguarda la protezione dei dati.<\/p>\n<p>&nbsp;<\/p>\n<p><strong>Contenuto<\/strong><\/p>\n<p>Il materiale contenuto come immagini, fotografie, loghi, video e testi (&#8220;materiale&#8221;) \u00e8 \u00a0utilizzato su <strong><a href=\"https:\/\/grossoptic.com\/it\/\" target=\"_blank\" rel=\"noopener\">www.grossoptic.com<\/a><\/strong> (&#8220;Sito&#8221;).<\/p>\n<p>Il materiale \u00e8 la propriet\u00e0 della societ\u00e0 Grossoptic d.o.o, Trinaestog oktobra 13, Umka, 11260 Belgrado, ed \u00e8 protetto dalle disposizioni del diritto d&#8217;autore, diritto dei marchi e diritto del design.<\/p>\n<p>Qualsiasi utilizzo del materiale al di fuori di uno scopo puramente privato richiede il preventivo consenso scritto dalla parte di Grossoptic.<\/p>\n<p>Lo stesso vale per qualsiasi modifica del materiale, in particolare per la traduzione o qualsiasi altra forma di elaborazione, nonch\u00e9 per qualsiasi trasferimento di materiale.<\/p>\n<p>Pertanto i contenuti pubblicati sul sito web di Grossoptic possono essere utilizzati solo per scopi non commerciali e devono essere osservate tutte le note sul copyright.<\/p>\n<p>Se si desidera utilizzare i contenuti pubblicati su questo sito web per scopi diversi da quelli elencati, \u00e8 necessario contattarci per ottenere l&#8217;autorizzazione.<\/p>\n<p>&nbsp;<\/p>\n<p><strong>Dichiarazione di non responsabilit\u00e0<\/strong><\/p>\n<p>Se l&#8217;utente scarica il materiale o lo utilizza in qualsiasi altra forma, lo fa a proprio rischio. Grossoptic non sar\u00e0 responsabile per eventuali perdite che l&#8217;utente potrebbe subire a tale riguardo, in particolare nel caso di dati, hardware o software.<\/p>\n<p>Ci\u00f2 non pregiudica la responsabilit\u00e0 per colpa grave e intento. La societ\u00e0 Grossoptic non si assume alcuna responsabilit\u00e0 per eventuali violazioni dei diritti di terzi.<\/p>\n<p>Questo sito web \u00e8 offerto agli utenti nella forma in cui si trova, senza garanzie di alcun tipo. Tutti i contenuti e le informazioni sul sito sono presentati agli utenti con le migliori intenzioni e sul presupposto che siano vere. Le informazioni su questo sito sono state accuratamente raccolte e verificate.<\/p>\n<p>Grossoptic, tuttavia, non si assume alcuna responsabilit\u00e0 per l&#8217;accuratezza, la tempestivit\u00e0 e la completezza delle informazioni.<\/p>\n<p>Questo sito fornisce le informazioni di carattere generale che non sostituiscono in alcun modo i consigli di medici o esperti.<\/p>\n<p>Le informazioni su questo sito possono contenere imprecisioni tecniche, approsimazioni o errori di battitura. Le informazioni sono soggette a modifiche senza preavviso. La Redazione non si assume alcuna responsabilit\u00e0 per eventuali danni, diretti o indiretti, causati ai computer durante l&#8217;utilizzo di questo sito web. La Redazione si riserva il diritto di modificare il contenuto delle condizioni d&#8217;uso del sito senza preavviso.<\/p>\n<p>Gli utenti non devono fare affidamento sulle informazioni di questo sito web, ma dovrebbero invece presentare una richiesta diretta alla divisione competente.<\/p>\n<p>La Redazione non fornisce alcuna garanzia riguardo alle informazioni su questo sito web e non \u00e8 responsabile per potenziali danni, diretti o indiretti, che potrebbero derivare dall&#8217;uso delle informazioni da questo sito web.<\/p>\n<p>L&#8217;utilizzo dei servizi di questo sito Internet \u00e8 consentito agli adulti. L&#8217;uso e la fruizione del sito da parte dei minori \u00e8 consentito solo sotto la supervisione dei genitori e\/o tutori e questi sono obbligati a prendersene cura. In caso contrario, si assumono tutti i diritti e gli obblighi derivanti da tale utilizzo e la societ\u00e0 Grossoptic d.o.o. non \u00e8 responsabile per eventuali conseguenze di siffatto utilizzo.<\/p>\n<p>&nbsp;<\/p>\n<p><strong>Obblighi dei visitatori\/utenti del sito<\/strong><\/p>\n<p>Ai fini di una fruizione efficiente, sicura e indisturbata dei contenuti presentati nel sito web, non \u00e8 consentito:<\/p>\n<p>pubblicare, inviare, scambiare e trasmettere informazioni che il visitatore conosce o presume false o che violano i diritti di altre persone;<\/p>\n<p>falsa rappresentazione, ovvero rappresentanza per conto di un&#8217;altra persona fisica o giuridica;<\/p>\n<p>pubblicare, inviare, scambiare e trasmettere i contenuti in contrasto con le normative applicabili;<\/p>\n<p>raccogliere, archiviare e pubblicare i dati personali di altri visitatori del sito;<\/p>\n<p>pubblicare, condividere e inviare contenuti indesiderati dell&#8217;utente senza il suo consenso o richiesta, come materiale promozionale, messaggi pubblicitari, messaggi di spam, catene di Sant&#8217;Antonio, materiale promozionale e pubblicitario con le informazioni false, accuse o citazioni che possono ingannare gli utenti;<\/p>\n<p>modificare, interferire, intercettare o hackerare il sito Web al fine di disabilitarlo;<\/p>\n<p>pubblicare o trasmettere su Internet il materiale minaccioso, inventato, scortese, offensivo, pornografico o abusivo. Anche il materiale che pu\u00f2 avviare odio razziale, molestie o qualsiasi inconveniente dovuto a violazioni della privacy, fiducia in alcuni commenti discriminatori, minacciosi o provocatori;<\/p>\n<p>utilizzo di programmi specializzati per scaricare contenuti dal sito.<\/p>\n<p>In caso di violazione di uno qualsiasi di questi termini, saremo in grado di impedire a tale utente di utilizzare questo sito web su base permanente o temporanea.\u00a0Ci appartiene il diritto di prendere anche altre misure, incluso e non limitato, di segnalare alle autorit\u00e0 governative competenti, di inviare lettera di avvertimento o di presentare querela.<\/p>\n<p>&nbsp;<\/p>\n<p>Grazie per aver visitato il nostro sito web.<\/p>\n<p>&nbsp;<\/p>\n","protected":false},"excerpt":{"rendered":"<p>Avviso: \u00a0UTILIZZANDO QUESTO SITO INTERNET L&#8217;UTENTE RICONOSCE DI AVER LETTO, COMPRESO E ACCETTATO TUTTI I TERMINI D&#8217;USO (di seguito &#8220;TERMINI&#8220;)<\/p>\n","protected":false},"author":9,"featured_media":0,"parent":0,"menu_order":0,"comment_status":"closed","ping_status":"closed","template":"template-parts\/template-text-page.php","meta":{"_acf_changed":false,"footnotes":""},"class_list":["post-6232","page","type-page","status-publish","hentry"],"acf":[],"_links":{"self":[{"href":"https:\/\/grossoptic.com\/it\/wp-json\/wp\/v2\/pages\/6232","targetHints":{"allow":["GET"]}}],"collection":[{"href":"https:\/\/grossoptic.com\/it\/wp-json\/wp\/v2\/pages"}],"about":[{"href":"https:\/\/grossoptic.com\/it\/wp-json\/wp\/v2\/types\/page"}],"author":[{"embeddable":true,"href":"https:\/\/grossoptic.com\/it\/wp-json\/wp\/v2\/users\/9"}],"replies":[{"embeddable":true,"href":"https:\/\/grossoptic.com\/it\/wp-json\/wp\/v2\/comments?post=6232"}],"version-history":[{"count":7,"href":"https:\/\/grossoptic.com\/it\/wp-json\/wp\/v2\/pages\/6232\/revisions"}],"predecessor-version":[{"id":7939,"href":"https:\/\/grossoptic.com\/it\/wp-json\/wp\/v2\/pages\/6232\/revisions\/7939"}],"wp:attachment":[{"href":"https:\/\/grossoptic.com\/it\/wp-json\/wp\/v2\/media?parent=6232"}],"curies":[{"name":"wp","href":"https:\/\/api.w.org\/{rel}","templated":true}]}}